{"id":3343,"date":"2022-12-14T13:16:12","date_gmt":"2022-12-14T12:16:12","guid":{"rendered":"https:\/\/konakzlatibor.rs\/uslovi-koriscenja\/"},"modified":"2024-12-05T18:24:17","modified_gmt":"2024-12-05T17:24:17","slug":"uslovi-koriscenja","status":"publish","type":"page","link":"https:\/\/konakzlatibor.rs\/en\/uslovi-koriscenja\/","title":{"rendered":"Uslovi kori\u0161\u0107enja"},"content":{"rendered":"\n<p class=\"has-black-color has-text-color\">ZAHVALJUJEMO NA REZERVACIJI I MOLIMO VAS DA OBRATITE PA\u017dNJU NA SLEDE\u0106E USLOVE POSLOVANJA:<\/p>\n\n\n\n<p>\u2022 <strong>GARANCIJSKI DEPOZIT ZA GOSTE BEZ KREDITNE KARTICE PRIHVATA SE NAJKASNIJE DO 7 DANA NAKON NASTANKA REZERVACIJE.<\/strong><\/p>\n\n\n\n<p>\u2022 <strong>PRIJAVA U OBJEKAT, MOGU\u0106A JE NAKON 14:00, NA DAN DOLASKA.<\/strong><\/p>\n\n\n\n<p>\u2022 <strong>ODJAVA IZ OBJEKTA SE MORA OBAVITI DO 11:00, NA DAN ODLASKA.<\/strong><\/p>\n\n\n\n<p>\u2022 <strong>MOLIMO UZMITE U OBZIR DA SE DECA STAROSTI 12 I VI\u0160E GODINA SMATRAJU ODRASLIMA TE IM SE NAPLA\u0106UJE PUNA CENA. PRILIKOM REZERVISANJA SME\u0160TAJA, OBAVEZNI STE DECU STARIJU OD NAVEDENOG DODATI ODRASLIM OSOBAMA.<\/strong><\/p>\n\n\n\n<p>\u2022 <strong>DEPOZIT OD 100 % POTREBAN PRI REZERVACIJI, OSTATAK 0 DAN(A) PRE DOLASKA<\/strong><\/p>\n\n\n\n<p>\u017dELITE LI PROMENITI ILI OTKAZATI NAPRAVLJENU REZERVACIJU, IZMENE MO\u017dETE NAPRAVITI ONLINE, U SKLADU S USLOVIMA OTKAZA REZERVACIJE.<\/p>\n\n\n\n<p>BORAVI\u0160NA TAKSA ZA ODRASLE JE 80 DINARA PO OSOBI PO DANU, ZA DECU OD 7 DO 15 GODINA JE 40 DINARA, DOK JE CENA OSIGURANJA 20 DINARA PO OSOBI PO DANU.<\/p>\n\n\n\n<p>ZA SVE DODATNE INFORMACIJE MOLIMO KONTAKTIRAJTE NA\u0160U SLU\u017dBU REZERVACIJA PUTEM EMAIL-A:<\/p>\n\n\n\n<p>RECEPCIJA@HOTELCRNIVRH.RS<\/p>\n\n\n\n<p>APARTMANI ZADR\u017dAVAJU PRAVO ODBIJANJA, OTKAZIVANJA ILI IZMENE REZERVACIJE UKOLIKO JE DO\u0160LO DO ZLOUPOTREBE REZERVACIONOG SISTEMA ILI JE ISTA NAPRAVLJENA O\u010cIGLEDNOM GRE\u0160KOM KORISNIKA.<\/p>\n\n\n\n<p><strong><em>USLOVI OTKAZA REZERVACIJE<\/em><\/strong><\/p>\n\n\n\n<p>REZERVACIJU DR\u017dIMO DO 24:00 SATI, NA DAN DOLASKA.<\/p>\n\n\n\n<p>REZERVACIJA SE MO\u017dE OTKAZATI PUTEM INTERNETA NAJKASNIJE 5 DAN(A) PRE DOLASKA.<\/p>\n\n\n\n<p>U SLU\u010cAJU NEDOLASKA GOSTA, NAPLA\u0106UJE SE 100,00 % OD IZNOSA REZERVACIJE.<\/p>\n\n\n\n<p>U SLU\u010cAJA OTKAZA REZERVACIJE 5-0 DANA PRIJE DOLASKA, NAPLA\u0106UJE SE 100.00 % OD IZNOSA REZERVACIJE<\/p>\n\n\n\n<p>APARTMANI NEMAJU OBAVEZU POVRA\u0106AJA NOVCA U SLU\u010cAJU RANIJEG NAPU\u0160TANJA SME\u0160TAJA.<\/p>\n\n\n\n<p>NAKON IZVR\u0160ENE REZERVACIJE PROMENE TERMINA SE MOGU VR\u0160ITI ISKLJU\u010cIVO UZ SAGLASNOST APARTMANA.<\/p>\n","protected":false},"excerpt":{"rendered":"<p>ZAHVALJUJEMO NA REZERVACIJI I MOLIMO VAS DA OBRATITE PA\u017dNJU NA SLEDE\u0106E USLOVE POSLOVANJA: \u2022 GARANCIJSKI DEPOZIT ZA GOSTE BEZ KREDITNE KARTICE PRIHVATA SE NAJKASNIJE DO 7 DANA NAKON NASTANKA REZERVACIJE. \u2022 PRIJAVA U OBJEKAT, MOGU\u0106A JE NAKON 14:00, NA DAN DOLASKA. \u2022 ODJAVA IZ OBJEKTA SE MORA OBAVITI DO 11:00, NA DAN ODLASKA. \u2022 MOLIMO [&hellip;]<\/p>\n","protected":false},"author":1,"featured_media":0,"parent":0,"menu_order":0,"comment_status":"closed","ping_status":"closed","template":"","meta":{"footnotes":""},"class_list":["post-3343","page","type-page","status-publish","hentry"],"acf":[],"_links":{"self":[{"href":"https:\/\/konakzlatibor.rs\/en\/wp-json\/wp\/v2\/pages\/3343","targetHints":{"allow":["GET"]}}],"collection":[{"href":"https:\/\/konakzlatibor.rs\/en\/wp-json\/wp\/v2\/pages"}],"about":[{"href":"https:\/\/konakzlatibor.rs\/en\/wp-json\/wp\/v2\/types\/page"}],"author":[{"embeddable":true,"href":"https:\/\/konakzlatibor.rs\/en\/wp-json\/wp\/v2\/users\/1"}],"replies":[{"embeddable":true,"href":"https:\/\/konakzlatibor.rs\/en\/wp-json\/wp\/v2\/comments?post=3343"}],"version-history":[{"count":2,"href":"https:\/\/konakzlatibor.rs\/en\/wp-json\/wp\/v2\/pages\/3343\/revisions"}],"predecessor-version":[{"id":3615,"href":"https:\/\/konakzlatibor.rs\/en\/wp-json\/wp\/v2\/pages\/3343\/revisions\/3615"}],"wp:attachment":[{"href":"https:\/\/konakzlatibor.rs\/en\/wp-json\/wp\/v2\/media?parent=3343"}],"curies":[{"name":"wp","href":"https:\/\/api.w.org\/{rel}","templated":true}]}}